{"id":566,"date":"2026-02-19T13:14:25","date_gmt":"2026-02-19T13:14:25","guid":{"rendered":"https:\/\/paradoxia.xyz\/?page_id=566"},"modified":"2026-02-26T12:04:14","modified_gmt":"2026-02-26T12:04:14","slug":"misja-i-cele","status":"publish","type":"page","link":"https:\/\/paradoxia.xyz\/uk\/misja-i-cele\/","title":{"rendered":"Misja i cele"},"content":{"rendered":"\n<div class=\"wp-block-columns alignfull are-vertically-aligned-center is-layout-flex wp-container-core-columns-is-layout-28f84493 wp-block-columns-is-layout-flex\">\n<div class=\"wp-block-column is-vertically-aligned-center is-layout-constrained wp-block-column-is-layout-constrained\">\n<h1 class=\"wp-block-heading has-text-align-center\" style=\"text-decoration:none\">Misja i cele<\/h1>\n<\/div>\n<\/div>\n\n\n\n<div class=\"wp-block-columns is-layout-flex wp-container-core-columns-is-layout-28f84493 wp-block-columns-is-layout-flex\">\n<div class=\"wp-block-column is-layout-flow wp-block-column-is-layout-flow\" style=\"padding-top:0;padding-right:0;padding-bottom:0;padding-left:0;font-size:22px;flex-basis:1200px\">\n<p>Wbrew temu, co mo\u017cna by pomy\u015ble\u0107, tekst Lorem ipsum, mimo i\u017c jest bez znaczenia, ma szlachetne pochodzenie.<\/p>\n\n\n\n<p>Obiektywnie z\u0142o\u017cony z niepowi\u0105zanych s\u0142\u00f3w, Lorem ipsum zawdzi\u0119cza swoje istnienie&nbsp;<strong>Marco Tullio Cicerone&nbsp;<\/strong>i niekt\u00f3rym krokom jego&nbsp;<em>De finibus bonorum et malorum&nbsp;<\/em>(Najwy\u017cszy dobre i najwy\u017csze z\u0142o)&nbsp;<strong>napisane w 45 roku pne&nbsp;<\/strong>, klasyka literatury \u0142aci\u0144skiej sprzed ponad 2000 lat.<\/p>\n\n\n\n<p>Odkrycie dokona\u0142 Richard McClintock , profesor \u0142aciny w&nbsp;<em>Hampden-Sydney College&nbsp;<\/em>w Virginii, kt\u00f3ry stan\u0105\u0142 w obliczu gwa\u0142townego nawrotu ciemnego s\u0142owa&nbsp;<em>consectetur&nbsp;<\/em>w tek\u015bcie Lorem ipsum bada\u0142 jego pochodzenie, aby zidentyfikowa\u0107 je w sekcjach 1.10.32 i 1.10.33 wspomnianego dzie\u0142a filozoficznego Cycerona.<\/p>\n\n\n\n<p>S\u0142owa wzi\u0119te z jednego z dialog\u00f3w zawartych w&nbsp;<em>De finibus&nbsp;<\/em>s\u0105 zatem fragmentami najbardziej znanego bezsensownego tekstu na \u015bwiecie.<\/p>\n\n\n\n<p>Odkrycie, kt\u00f3re nada\u0142o wi\u0119ksz\u0105 wag\u0119 Lorem ipsum, kt\u00f3re pozosta\u0142o na grzbiecie fali od 500, to znaczy, wed\u0142ug profesora Richarda McClintocka, jego u\u017cycie rozpowszechni\u0142o si\u0119 w\u015br\u00f3d drukarek tamtych czas\u00f3w.<\/p>\n\n\n\n<p>Oczywi\u015bcie wiemy, \u017ce wi\u0119kszo\u015b\u0107 z nich by\u0142a znana z rozg\u0142osu lat sze\u015b\u0107dziesi\u0105tych, a mianowicie ze zbywalnych kart postaci Letraset: przezroczyste arkusze samoprzylepne, na kt\u00f3rych tekst Lorem ipsum zosta\u0142 nadrukowany z \u0142atwo\u015bci\u0105 przeniesiony na produkty redakcyjne przed pojawieniem si\u0119 komputera.<\/p>\n\n\n\n<h3 class=\"wp-block-heading\">Tekst oryginalny Lorem Ipsum po \u0142acinie<\/h3>\n\n\n\n<p style=\"font-style:normal;font-weight:400\">\u00abSed ut perspiciatis unde omnis iste natus error sit voluptatem accusantium doloremque laudantium, totam rem aperiam eaque ipsa, quae ab illo inventore veritatis et quasi architecto beatae vitae dicta sunt, explicabo. Nemo enim ipsam voluptatem, quia voluptas sit, aspernatur aut odit aut fugit, sed quia consequuntur magni dolores eos, qui ratione voluptatem sequi nesciunt, neque porro quisquam est, qui do<strong>lorem ipsum<\/strong>, quia&nbsp;<strong>dolor sit, amet, consectetur, adipisci<\/strong>&nbsp;v<strong>elit, sed<\/strong>&nbsp;quia non numquam&nbsp;<strong>eius mod<\/strong>i&nbsp;<strong>tempor<\/strong>a&nbsp;<strong>incidunt, ut labore et dolore magna<\/strong>m&nbsp;<strong>aliqua<\/strong>m quaerat voluptatem.&nbsp;<strong>Ut enim ad minim<\/strong>a&nbsp;<strong>veniam, quis nostru<\/strong>m&nbsp;<strong>exercitation<\/strong>em&nbsp;<strong>ullam co<\/strong>rporis suscipit<strong>&nbsp;labori<\/strong>o<strong>s<\/strong>am,&nbsp;<strong>nisi ut aliquid ex ea commodi consequat<\/strong>ur?&nbsp;<strong>Quis aute<\/strong>m vel eum&nbsp;<strong>iure reprehenderit,<\/strong>&nbsp;qui&nbsp;<strong>in<\/strong>&nbsp;ea&nbsp;<strong>voluptate velit esse<\/strong>, quam nihil molestiae&nbsp;<strong>c<\/strong>onsequatur, vel&nbsp;<strong>illum<\/strong>, qui&nbsp;<strong>dolore<\/strong>m&nbsp;<strong>eu<\/strong>m&nbsp;<strong>fugiat<\/strong>, quo voluptas&nbsp;<strong>nulla pariatur<\/strong>? [33] At vero eos et accusamus et iusto odio dignissimos ducimus, qui blanditiis praesentium voluptatum deleniti atque corrupti, quos dolores et quas molestias&nbsp;<strong>exceptur<\/strong>i&nbsp;<strong>sint, obcaecat<\/strong>i&nbsp;<strong>cupiditat<\/strong>e&nbsp;<strong>non pro<\/strong>v<strong>ident<\/strong>, similique&nbsp;<strong>sunt in culpa<\/strong>,&nbsp;<strong>qui officia deserunt mollit<\/strong>ia&nbsp;<strong>anim<\/strong>i,&nbsp;<strong>id est laborum<\/strong>&nbsp;et dolorum fuga. Et harum quidem rerum facilis est et expedita distinctio. Nam libero tempore, cum soluta nobis est eligendi optio, cumque nihil impedit, quo minus id, quod maxime placeat, facere possimus, omnis voluptas assumenda est, omnis dolor repellendus. Temporibus autem quibusdam et aut officiis debitis aut rerum necessitatibus saepe eveniet, ut et voluptates repudiandae sint et molestiae non recusandae. Itaque earum rerum hic tenetur a sapiente delectus, ut aut reiciendis voluptatibus maiores alias consequatur aut perferendis doloribus asperiores repellat.\u00bb<\/p>\n<\/div>\n<\/div>\n","protected":false},"excerpt":{"rendered":"<p>Misja i cele Wbrew temu, co mo\u017cna by pomy\u015ble\u0107, tekst Lorem ipsum, mimo i\u017c jest bez znaczenia, ma szlachetne pochodzenie. [&hellip;]<\/p>\n","protected":false},"author":1,"featured_media":0,"parent":0,"menu_order":0,"comment_status":"closed","ping_status":"closed","template":"","meta":{"_uag_custom_page_level_css":"","site-sidebar-layout":"default","site-content-layout":"","ast-site-content-layout":"normal-width-container","site-content-style":"default","site-sidebar-style":"default","ast-global-header-display":"","ast-banner-title-visibility":"","ast-main-header-display":"","ast-hfb-above-header-display":"","ast-hfb-below-header-display":"","ast-hfb-mobile-header-display":"","site-post-title":"disabled","ast-breadcrumbs-content":"","ast-featured-img":"","footer-sml-layout":"","ast-disable-related-posts":"","theme-transparent-header-meta":"disabled","adv-header-id-meta":"","stick-header-meta":"","header-above-stick-meta":"","header-main-stick-meta":"","header-below-stick-meta":"","astra-migrate-meta-layouts":"default","ast-page-background-enabled":"default","ast-page-background-meta":{"desktop":{"background-color":"var(--ast-global-color-4)","background-image":"","background-repeat":"repeat","background-position":"center center","background-size":"auto","background-attachment":"scroll","background-type":"","background-media":"","overlay-type":"","overlay-color":"","overlay-opacity":"","overlay-gradient":""},"tablet":{"background-color":"","background-image":"","background-repeat":"repeat","background-position":"center center","background-size":"auto","background-attachment":"scroll","background-type":"","background-media":"","overlay-type":"","overlay-color":"","overlay-opacity":"","overlay-gradient":""},"mobile":{"background-color":"","background-image":"","background-repeat":"repeat","background-position":"center center","background-size":"auto","background-attachment":"scroll","background-type":"","background-media":"","overlay-type":"","overlay-color":"","overlay-opacity":"","overlay-gradient":""}},"ast-content-background-meta":{"desktop":{"background-color":"var(--ast-global-color-5)","background-image":"","background-repeat":"repeat","background-position":"center center","background-size":"auto","background-attachment":"scroll","background-type":"","background-media":"","overlay-type":"","overlay-color":"","overlay-opacity":"","overlay-gradient":""},"tablet":{"background-color":"var(--ast-global-color-5)","background-image":"","background-repeat":"repeat","background-position":"center center","background-size":"auto","background-attachment":"scroll","background-type":"","background-media":"","overlay-type":"","overlay-color":"","overlay-opacity":"","overlay-gradient":""},"mobile":{"background-color":"var(--ast-global-color-5)","background-image":"","background-repeat":"repeat","background-position":"center center","background-size":"auto","background-attachment":"scroll","background-type":"","background-media":"","overlay-type":"","overlay-color":"","overlay-opacity":"","overlay-gradient":""}},"footnotes":""},"class_list":["post-566","page","type-page","status-publish","hentry"],"uagb_featured_image_src":{"full":false,"thumbnail":false,"medium":false,"medium_large":false,"large":false,"1536x1536":false,"2048x2048":false,"trp-custom-language-flag":false},"uagb_author_info":{"display_name":"admin","author_link":"https:\/\/paradoxia.xyz\/uk\/author\/admin\/"},"uagb_comment_info":0,"uagb_excerpt":"Misja i cele Wbrew temu, co mo\u017cna by pomy\u015ble\u0107, tekst Lorem ipsum, mimo i\u017c jest bez znaczenia, ma szlachetne pochodzenie. [&hellip;]","_links":{"self":[{"href":"https:\/\/paradoxia.xyz\/uk\/wp-json\/wp\/v2\/pages\/566","targetHints":{"allow":["GET"]}}],"collection":[{"href":"https:\/\/paradoxia.xyz\/uk\/wp-json\/wp\/v2\/pages"}],"about":[{"href":"https:\/\/paradoxia.xyz\/uk\/wp-json\/wp\/v2\/types\/page"}],"author":[{"embeddable":true,"href":"https:\/\/paradoxia.xyz\/uk\/wp-json\/wp\/v2\/users\/1"}],"replies":[{"embeddable":true,"href":"https:\/\/paradoxia.xyz\/uk\/wp-json\/wp\/v2\/comments?post=566"}],"version-history":[{"count":16,"href":"https:\/\/paradoxia.xyz\/uk\/wp-json\/wp\/v2\/pages\/566\/revisions"}],"predecessor-version":[{"id":955,"href":"https:\/\/paradoxia.xyz\/uk\/wp-json\/wp\/v2\/pages\/566\/revisions\/955"}],"wp:attachment":[{"href":"https:\/\/paradoxia.xyz\/uk\/wp-json\/wp\/v2\/media?parent=566"}],"curies":[{"name":"wp","href":"https:\/\/api.w.org\/{rel}","templated":true}]}}